{"id":1800,"date":"2023-06-16T22:07:35","date_gmt":"2023-06-16T20:07:35","guid":{"rendered":"https:\/\/agoranimo.com\/?page_id=1800"},"modified":"2024-02-08T14:34:58","modified_gmt":"2024-02-08T13:34:58","slug":"le-guide-2","status":"publish","type":"page","link":"https:\/\/agoranimo.com\/index.php\/le-guide-2\/","title":{"rendered":"Le guide"},"content":{"rendered":"\t\t<div data-elementor-type=\"wp-page\" data-elementor-id=\"1800\" class=\"elementor elementor-1800\">\n\t\t\t\t\t\t<section class=\"elementor-section elementor-top-section elementor-element elementor-element-c07dd4d elementor-section-boxed elementor-section-height-default elementor-section-height-default\" data-id=\"c07dd4d\" data-element_type=\"section\" data-e-type=\"section\" data-settings=\"{&quot;background_background&quot;:&quot;classic&quot;}\">\n\t\t\t\t\t\t<div class=\"elementor-container elementor-column-gap-no\">\n\t\t\t\t\t<div class=\"elementor-column elementor-col-100 elementor-top-column elementor-element elementor-element-27e4d3c\" data-id=\"27e4d3c\" data-element_type=\"column\" data-e-type=\"column\">\n\t\t\t<div class=\"elementor-widget-wrap elementor-element-populated\">\n\t\t\t\t\t\t<div class=\"elementor-element elementor-element-fe92aed elementor-widget elementor-widget-spacer\" data-id=\"fe92aed\" data-element_type=\"widget\" data-e-type=\"widget\" data-widget_type=\"spacer.default\">\n\t\t\t\t<div class=\"elementor-widget-container\">\n\t\t\t\t\t\t\t<div class=\"elementor-spacer\">\n\t\t\t<div class=\"elementor-spacer-inner\"><\/div>\n\t\t<\/div>\n\t\t\t\t\t\t<\/div>\n\t\t\t\t<\/div>\n\t\t\t\t<div class=\"elementor-element elementor-element-6265118 elementor-widget elementor-widget-heading\" data-id=\"6265118\" data-element_type=\"widget\" data-e-type=\"widget\" data-widget_type=\"heading.default\">\n\t\t\t\t<div class=\"elementor-widget-container\">\n\t\t\t\t\t<h2 class=\"elementor-heading-title elementor-size-default\">Recevez votre guide gratuit<\/h2>\t\t\t\t<\/div>\n\t\t\t\t<\/div>\n\t\t\t\t<div class=\"elementor-element elementor-element-12bc0c8 elementor-widget elementor-widget-text-editor\" data-id=\"12bc0c8\" data-element_type=\"widget\" data-e-type=\"widget\" data-widget_type=\"text-editor.default\">\n\t\t\t\t<div class=\"elementor-widget-container\">\n\t\t\t\t\t\t\t\t\t<p>Demandez le nouveau guide du mois\u00a0 qui va vous donner des conseils pour renforcer le syst\u00e8me immunitaire de votre animal de compagnie.<br \/><a href=\"https:\/\/agoranimo.com\/index.php\/contact\/\">Tout ce passe ici<\/a><\/p>\t\t\t\t\t\t\t\t<\/div>\n\t\t\t\t<\/div>\n\t\t\t\t<div class=\"elementor-element elementor-element-89e9735 elementor-widget elementor-widget-text-editor\" data-id=\"89e9735\" data-element_type=\"widget\" data-e-type=\"widget\" data-widget_type=\"text-editor.default\">\n\t\t\t\t<div class=\"elementor-widget-container\">\n\t\t\t\t\t\t\t\t\t<p>Veuillez remplir le formulaire ci-dessous pour recevoir notre guide complet qui vous accompagnera dans tous les aspects du soin de votre animal de compagnie, y compris des conseils sur les croquettes, les promenades et les douches (par exemple) :<\/p>\t\t\t\t\t\t\t\t<\/div>\n\t\t\t\t<\/div>\n\t\t\t\t<div class=\"elementor-element elementor-element-a761be6 elementor-widget elementor-widget-shortcode\" data-id=\"a761be6\" data-element_type=\"widget\" data-e-type=\"widget\" data-widget_type=\"shortcode.default\">\n\t\t\t\t<div class=\"elementor-widget-container\">\n\t\t\t\t\t\t\t<div class=\"elementor-shortcode\"><!-- Noptin Newsletter Plugin v4.2.1 - https:\/\/wordpress.org\/plugins\/newsletter-optin-box\/ --><div id=\"noptin-form-1__wrapper\" class=\"noptin-optin-main-wrapper noptin-form-id-2373 noptin-inpost-main-wrapper\" aria-labelledby=\"noptin-form-1__title\" style=\"--noptin-background-color: #FFFFFF; --noptin-border-color: #543883; --noptin-button-color: #543883; --noptin-button-text-color: #FFFFFF; --noptin-title-color: #313131; --noptin-description-color: #32373C; --noptin-prefix-color: #313131; --noptin-note-color: #607D8B;\" ><div style=\"max-width:620px; min-height:280px; border-color: #543883; border-width: 2px; border-radius: 9px;\" class=\"noptin-optin-form-wrapper no-image\" ><!-- Form ID: 2373 --><form id=\"noptin-form-1\" class=\"noptin-optin-form noptin-form-new-line noptin-label-hide noptin-form-1\" method=\"post\" novalidate >\t\t\t\t\t<div class=\"noptin-form-header no-image\">\n\t\t\t\t\t\t\t\t\t\t\t\t<div class=\"noptin-form-header-text\">\n\n\t\t\t\t\t\t\t\n\t\t\t\t\t\t\t\n\t\t\t\t\t\t\t\t\t\t\t\t\t\t\t<div style=\"color: #32373C;font-size: 16px;font-weight: 500;line-height: 1.3;\" class=\"noptin-form-description\">\n\t\t\t\t\t\t\t\t\tRemplissez votre Email ci-dessous et recevez votre guide.\t\t\t\t\t\t\t\t<\/div>\n\t\t\t\t\t\t\t\n\t\t\t\t\t\t<\/div>\n\t\t\t\t\t\t\n\t\t\t\t\t\t\n\t\t\t\t\t<\/div>\n\t\t\t\t<div class=\"noptin-form-footer\"><div class=\"noptin-form-fields\">\t\t\t<div class=\"noptin-form-field-wrapper noptin-form-field-last_name noptin-optin-field-wrapper noptin-optin-field-last_name\" id=\"noptin-form-1__field-last_name--wrapper\" >\n\t\t<div class=\"noptin-field-last_name\">\n\t\t\t<label class=\"noptin-label\" for=\"noptin-form-1__field-last_name\">Votre Nom et pr\u00e9nom<\/label>\n\t\t\t<input name=\"noptin_fields[last_name]\" id=\"noptin-form-1__field-last_name\" type=\"text\" class=\"noptin-text noptin-form-field noptin-form-field__last_name noptin-form-field__has-no-placeholder\" placeholder=\"Votre Nom et pr\u00e9nom\" required \/>\n\n\t\t<\/div><\/div>\t\t\t<div class=\"noptin-form-field-wrapper noptin-form-field-email noptin-optin-field-wrapper noptin-optin-field-email\" id=\"noptin-form-1__field-email--wrapper\" >\n\t\t<div class=\"noptin-field-email\">\n\t\t\t<label class=\"noptin-label\" for=\"noptin-form-1__field-email\">Votre email<\/label>\n\t\t\t<input name=\"noptin_fields[email]\" id=\"noptin-form-1__field-email\" type=\"email\" class=\"noptin-text noptin-form-field noptin-form-field__email noptin-form-field__has-no-placeholder\" placeholder=\"Votre email\" required \/>\n\n\t\t<\/div><\/div>\t\t\t<div class=\"noptin-form-field-wrapper noptin-form-field-first_name noptin-optin-field-wrapper noptin-optin-field-first_name\" id=\"noptin-form-1__field-first_name--wrapper\" >\n\t\t<div class=\"noptin-field-first_name\">\n\t\t\t<label class=\"noptin-label\" for=\"noptin-form-1__field-first_name\">Votre num\u00e9ro de t\u00e9l\u00e9phone<\/label>\n\t\t\t<input name=\"noptin_fields[first_name]\" id=\"noptin-form-1__field-first_name\" type=\"text\" class=\"noptin-text noptin-form-field noptin-form-field__first_name noptin-form-field__has-no-placeholder\" placeholder=\"Votre num\u00e9ro de t\u00e9l\u00e9phone\" required \/>\n\n\t\t<\/div><\/div>\t\t\t<div class=\"noptin-form-field-wrapper noptin-form-field-submit noptin-optin-field-wrapper noptin-optin-field-submit\" >\n\t\t\n\t\t\t<input type=\"submit\" id=\"noptin-form-1__submit\" class=\"noptin-form-submit btn button btn-primary button-primary wp-element-button noptin-form-button-block\" name=\"noptin-submit\" value=\"Recevoir le guide\" style=\"background-color: #543883;color: #FFFFFF;\"  \/>\n\n\t\t<\/div><\/div>\t\t\t\t\t\t<div class=\"noptin-form-notice noptin-response\" role=\"alert\"><\/div>\n\t\t\t<\/div>\n\t\t\t<input type=\"hidden\" name=\"noptin_element_id\" value=\"1\" \/><input type=\"hidden\" name=\"source\" value=\"2373\" \/><input type=\"hidden\" name=\"form_action\" value=\"subscribe\" \/><input type=\"hidden\" name=\"noptin-config\" value=\"eta4Z1R4Ck7ma2Oub1nqGu2lRyiL_pPAgpwvl.revx2w9UoSoBxwCVJqMmsX2CpP\" \/><input type=\"hidden\" name=\"noptin_form_id\" value=\"2373\" \/><\/form><\/div><!-- \/Form ID: 2373 --><\/div><!-- \/ Noptin Newsletter Plugin --><\/div>\n\t\t\t\t\t\t<\/div>\n\t\t\t\t<\/div>\n\t\t\t\t\t<\/div>\n\t\t<\/div>\n\t\t\t\t\t<\/div>\n\t\t<\/section>\n\t\t\t\t<\/div>\n\t\t","protected":false},"excerpt":{"rendered":"<p>Recevez votre guide gratuit Demandez le nouveau guide du mois\u00a0 qui va vous donner des conseils pour renforcer le syst\u00e8me immunitaire de votre animal de compagnie.Tout ce passe ici Veuillez remplir le formulaire ci-dessous pour recevoir notre guide complet qui vous accompagnera dans tous les aspects du soin de votre animal de compagnie, y compris &hellip;<\/p>\n<p class=\"read-more\"> <a class=\"\" href=\"https:\/\/agoranimo.com\/index.php\/le-guide-2\/\"> <span class=\"screen-reader-text\">Le guide<\/span> Lire la suite\u00a0\u00bb<\/a><\/p>\n","protected":false},"author":2,"featured_media":0,"parent":0,"menu_order":0,"comment_status":"closed","ping_status":"closed","template":"","meta":{"_eb_attr":"","_uag_custom_page_level_css":"","site-sidebar-layout":"no-sidebar","site-content-layout":"page-builder","ast-global-header-display":"","ast-banner-title-visibility":"","ast-main-header-display":"","ast-hfb-above-header-display":"","ast-hfb-below-header-display":"","ast-hfb-mobile-header-display":"","site-post-title":"disabled","ast-breadcrumbs-content":"","ast-featured-img":"disabled","footer-sml-layout":"","theme-transparent-header-meta":"","adv-header-id-meta":"","stick-header-meta":"","header-above-stick-meta":"","header-main-stick-meta":"","header-below-stick-meta":"","footnotes":""},"class_list":["post-1800","page","type-page","status-publish","hentry"],"uagb_featured_image_src":{"full":false,"thumbnail":false,"medium":false,"medium_large":false,"large":false,"1536x1536":false,"2048x2048":false},"uagb_author_info":{"display_name":"maxime","author_link":"https:\/\/agoranimo.com\/index.php\/author\/maxime\/"},"uagb_comment_info":0,"uagb_excerpt":"Recevez votre guide gratuit Demandez le nouveau guide du mois\u00a0 qui va vous donner des conseils pour renforcer le syst\u00e8me immunitaire de votre animal de compagnie.Tout ce passe ici Veuillez remplir le formulaire ci-dessous pour recevoir notre guide complet qui vous accompagnera dans tous les aspects du soin de votre animal de compagnie, y compris\u2026","_links":{"self":[{"href":"https:\/\/agoranimo.com\/index.php\/wp-json\/wp\/v2\/pages\/1800","targetHints":{"allow":["GET"]}}],"collection":[{"href":"https:\/\/agoranimo.com\/index.php\/wp-json\/wp\/v2\/pages"}],"about":[{"href":"https:\/\/agoranimo.com\/index.php\/wp-json\/wp\/v2\/types\/page"}],"author":[{"embeddable":true,"href":"https:\/\/agoranimo.com\/index.php\/wp-json\/wp\/v2\/users\/2"}],"replies":[{"embeddable":true,"href":"https:\/\/agoranimo.com\/index.php\/wp-json\/wp\/v2\/comments?post=1800"}],"version-history":[{"count":73,"href":"https:\/\/agoranimo.com\/index.php\/wp-json\/wp\/v2\/pages\/1800\/revisions"}],"predecessor-version":[{"id":2560,"href":"https:\/\/agoranimo.com\/index.php\/wp-json\/wp\/v2\/pages\/1800\/revisions\/2560"}],"wp:attachment":[{"href":"https:\/\/agoranimo.com\/index.php\/wp-json\/wp\/v2\/media?parent=1800"}],"curies":[{"name":"wp","href":"https:\/\/api.w.org\/{rel}","templated":true}]}}